{"id":6103,"date":"2026-03-17T12:22:00","date_gmt":"2026-03-17T12:22:00","guid":{"rendered":"https:\/\/fundacionaturaparc.com\/centro-de-cria\/"},"modified":"2026-04-20T17:11:33","modified_gmt":"2026-04-20T17:11:33","slug":"centre-de-cria","status":"publish","type":"page","link":"https:\/\/fundacionaturaparc.com\/ca\/centre-de-cria\/","title":{"rendered":"Centre de Cria"},"content":{"rendered":"\t\t<div data-elementor-type=\"wp-page\" data-elementor-id=\"6103\" class=\"elementor elementor-6103 elementor-4813\" data-elementor-post-type=\"page\">\n\t\t\t\t<div class=\"elementor-element elementor-element-1881814 e-flex e-con-boxed e-con e-parent\" data-id=\"1881814\" data-element_type=\"container\" data-e-type=\"container\" data-settings=\"{&quot;background_background&quot;:&quot;slideshow&quot;,&quot;background_slideshow_gallery&quot;:[{&quot;id&quot;:5259,&quot;url&quot;:&quot;https:\\\/\\\/fundacionaturaparc.com\\\/wp-content\\\/uploads\\\/2026\\\/03\\\/CRIA_02.webp&quot;},{&quot;id&quot;:5268,&quot;url&quot;:&quot;https:\\\/\\\/fundacionaturaparc.com\\\/wp-content\\\/uploads\\\/2026\\\/03\\\/CRIA_05.webp&quot;},{&quot;id&quot;:5271,&quot;url&quot;:&quot;https:\\\/\\\/fundacionaturaparc.com\\\/wp-content\\\/uploads\\\/2026\\\/03\\\/CRIA_06.webp&quot;}],&quot;background_slideshow_loop&quot;:&quot;yes&quot;,&quot;background_slideshow_slide_duration&quot;:5000,&quot;background_slideshow_slide_transition&quot;:&quot;fade&quot;,&quot;background_slideshow_transition_duration&quot;:500}\">\n\t\t\t\t\t<div class=\"e-con-inner\">\n\t\t\t\t<div class=\"elementor-element elementor-element-549bffc elementor-widget elementor-widget-heading\" data-id=\"549bffc\" data-element_type=\"widget\" data-e-type=\"widget\" data-widget_type=\"heading.default\">\n\t\t\t\t\t<div class=\"elementor-heading-title elementor-size-default\">Conservaci\u00f3 i reproducci\u00f3 d\u2019esp\u00e8cies<\/div>\t\t\t\t<\/div>\n\t\t\t\t<div class=\"elementor-element elementor-element-1124b18 elementor-widget elementor-widget-heading\" data-id=\"1124b18\" data-element_type=\"widget\" data-e-type=\"widget\" data-widget_type=\"heading.default\">\n\t\t\t\t\t<h1 class=\"elementor-heading-title elementor-size-default\">Centre de cria<\/h1>\t\t\t\t<\/div>\n\t\t\t\t\t<\/div>\n\t\t\t\t<\/div>\n\t\t<div class=\"elementor-element elementor-element-25a16ec e-flex e-con-boxed e-con e-parent\" data-id=\"25a16ec\" data-element_type=\"container\" data-e-type=\"container\">\n\t\t\t\t\t<div class=\"e-con-inner\">\n\t\t<div class=\"elementor-element elementor-element-fda46d3 e-flex e-con-boxed e-con e-child\" data-id=\"fda46d3\" data-element_type=\"container\" data-e-type=\"container\">\n\t\t\t\t\t<div class=\"e-con-inner\">\n\t\t\t\t<div class=\"elementor-element elementor-element-36738d3 elementor-widget elementor-widget-image\" data-id=\"36738d3\" data-element_type=\"widget\" data-e-type=\"widget\" data-widget_type=\"image.default\">\n\t\t\t\t\t\t\t\t\t\t\t\t\t\t\t<img fetchpriority=\"high\" decoding=\"async\" width=\"640\" height=\"640\" src=\"https:\/\/fundacionaturaparc.com\/wp-content\/uploads\/2026\/03\/departamentos_0004_CENTRE-CRIA.png\" class=\"attachment-large size-large wp-image-3605\" alt=\"\" srcset=\"https:\/\/fundacionaturaparc.com\/wp-content\/uploads\/2026\/03\/departamentos_0004_CENTRE-CRIA.png 1000w, https:\/\/fundacionaturaparc.com\/wp-content\/uploads\/2026\/03\/departamentos_0004_CENTRE-CRIA-300x300.png 300w, https:\/\/fundacionaturaparc.com\/wp-content\/uploads\/2026\/03\/departamentos_0004_CENTRE-CRIA-150x150.png 150w, https:\/\/fundacionaturaparc.com\/wp-content\/uploads\/2026\/03\/departamentos_0004_CENTRE-CRIA-768x768.png 768w, https:\/\/fundacionaturaparc.com\/wp-content\/uploads\/2026\/03\/departamentos_0004_CENTRE-CRIA-100x100.png 100w\" sizes=\"(max-width: 640px) 100vw, 640px\" \/>\t\t\t\t\t\t\t\t\t\t\t\t\t\t\t<\/div>\n\t\t\t\t<div class=\"elementor-element elementor-element-23c2402 elementor-widget elementor-widget-heading\" data-id=\"23c2402\" data-element_type=\"widget\" data-e-type=\"widget\" data-widget_type=\"heading.default\">\n\t\t\t\t\t<h2 class=\"elementor-heading-title elementor-size-default\">Qu\u00e8 \u00e9s el Centre de Cria?<\/h2>\t\t\t\t<\/div>\n\t\t\t\t<div class=\"elementor-element elementor-element-3c84fca elementor-widget__width-initial elementor-widget-mobile__width-inherit elementor-widget elementor-widget-text-editor\" data-id=\"3c84fca\" data-element_type=\"widget\" data-e-type=\"widget\" data-widget_type=\"text-editor.default\">\n\t\t\t\t\t\t\t\t\t<p data-path-to-node=\"13\">La <b data-path-to-node=\"13\" data-index-in-node=\"3\">Zona de Cria de la Fundaci\u00f3 Natura Parc<\/b> \u00e9s un espai dedicat a la <b data-path-to-node=\"13\" data-index-in-node=\"68\">reproducci\u00f3 i conservaci\u00f3 d\u2019esp\u00e8cies animals<\/b>, amb especial atenci\u00f3 a aquelles que formen part del patrimoni natural o que es troben sota programes de conservaci\u00f3.<\/p><p data-path-to-node=\"14\">En aquest departament es desenvolupen projectes de <b data-path-to-node=\"14\" data-index-in-node=\"51\">cria controlada<\/b>, garantint sempre el benestar dels animals i seguint criteris cient\u00edfics i veterinaris que permeten mantenir poblacions sanes i gen\u00e8ticament diverses. Aquestes accions contribueixen a la <b data-path-to-node=\"14\" data-index-in-node=\"254\">conservaci\u00f3 de la biodiversitat<\/b>, al manteniment d\u2019esp\u00e8cies i al suport de programes de protecci\u00f3 animal.<\/p><p data-path-to-node=\"15\">La Zona de Cria tamb\u00e9 t\u00e9 un important valor educatiu i divulgatiu, ja que permet mostrar al p\u00fablic la import\u00e0ncia de la <b data-path-to-node=\"15\" data-index-in-node=\"120\">reproducci\u00f3 responsable i la preservaci\u00f3 de les esp\u00e8cies<\/b>. A trav\u00e9s d\u2019aquest treball, la Fundaci\u00f3 Natura Parc refor\u00e7a el seu comprom\u00eds amb la <b data-path-to-node=\"15\" data-index-in-node=\"261\">conservaci\u00f3 de la fauna i la protecci\u00f3 de la biodiversitat de les Illes Balears<\/b>.<\/p><p data-path-to-node=\"16\"><b data-path-to-node=\"16\" data-index-in-node=\"0\">Si trobes un animal ferit, truca al 112!<\/b><\/p>\t\t\t\t\t\t\t\t<\/div>\n\t\t\t\t\t<\/div>\n\t\t\t\t<\/div>\n\t\t\t\t\t<\/div>\n\t\t\t\t<\/div>\n\t\t<div class=\"elementor-element elementor-element-a7cb022 e-con-full e-flex e-con e-parent\" data-id=\"a7cb022\" data-element_type=\"container\" data-e-type=\"container\">\n\t\t\t\t<div class=\"elementor-element elementor-element-5cf740b elementor-widget elementor-widget-image-carousel\" data-id=\"5cf740b\" data-element_type=\"widget\" data-e-type=\"widget\" data-settings=\"{&quot;slides_to_show&quot;:&quot;4&quot;,&quot;navigation&quot;:&quot;none&quot;,&quot;image_spacing_custom&quot;:{&quot;unit&quot;:&quot;px&quot;,&quot;size&quot;:0,&quot;sizes&quot;:[]},&quot;autoplay&quot;:&quot;yes&quot;,&quot;pause_on_hover&quot;:&quot;yes&quot;,&quot;pause_on_interaction&quot;:&quot;yes&quot;,&quot;autoplay_speed&quot;:5000,&quot;infinite&quot;:&quot;yes&quot;,&quot;speed&quot;:500,&quot;image_spacing_custom_tablet&quot;:{&quot;unit&quot;:&quot;px&quot;,&quot;size&quot;:&quot;&quot;,&quot;sizes&quot;:[]},&quot;image_spacing_custom_mobile&quot;:{&quot;unit&quot;:&quot;px&quot;,&quot;size&quot;:&quot;&quot;,&quot;sizes&quot;:[]}}\" data-widget_type=\"image-carousel.default\">\n\t\t\t\t\t\t\t<div class=\"elementor-image-carousel-wrapper swiper\" role=\"region\" aria-roledescription=\"carousel\" aria-label=\"Carrusel de im\u00e1genes\" dir=\"ltr\">\n\t\t\t<div class=\"elementor-image-carousel swiper-wrapper swiper-image-stretch\" aria-live=\"off\">\n\t\t\t\t\t\t\t\t<div class=\"swiper-slide\" role=\"group\" aria-roledescription=\"slide\" aria-label=\"1 de 7\"><figure class=\"swiper-slide-inner\"><img decoding=\"async\" class=\"swiper-slide-image\" src=\"https:\/\/fundacionaturaparc.com\/wp-content\/uploads\/2026\/03\/CRIA_07-768x432.webp\" alt=\"CRIA_07\" \/><\/figure><\/div><div class=\"swiper-slide\" role=\"group\" aria-roledescription=\"slide\" aria-label=\"2 de 7\"><figure class=\"swiper-slide-inner\"><img decoding=\"async\" class=\"swiper-slide-image\" src=\"https:\/\/fundacionaturaparc.com\/wp-content\/uploads\/2026\/03\/CRIA_06-768x432.webp\" alt=\"CRIA_06\" \/><\/figure><\/div><div class=\"swiper-slide\" role=\"group\" aria-roledescription=\"slide\" aria-label=\"3 de 7\"><figure class=\"swiper-slide-inner\"><img decoding=\"async\" class=\"swiper-slide-image\" src=\"https:\/\/fundacionaturaparc.com\/wp-content\/uploads\/2026\/03\/CRIA_05-768x432.webp\" alt=\"CRIA_05\" \/><\/figure><\/div><div class=\"swiper-slide\" role=\"group\" aria-roledescription=\"slide\" aria-label=\"4 de 7\"><figure class=\"swiper-slide-inner\"><img decoding=\"async\" class=\"swiper-slide-image\" src=\"https:\/\/fundacionaturaparc.com\/wp-content\/uploads\/2026\/03\/CRIA_04-768x432.webp\" alt=\"CRIA_04\" \/><\/figure><\/div><div class=\"swiper-slide\" role=\"group\" aria-roledescription=\"slide\" aria-label=\"5 de 7\"><figure class=\"swiper-slide-inner\"><img decoding=\"async\" class=\"swiper-slide-image\" src=\"https:\/\/fundacionaturaparc.com\/wp-content\/uploads\/2026\/03\/CRIA_03-768x432.webp\" alt=\"CRIA_03\" \/><\/figure><\/div><div class=\"swiper-slide\" role=\"group\" aria-roledescription=\"slide\" aria-label=\"6 de 7\"><figure class=\"swiper-slide-inner\"><img decoding=\"async\" class=\"swiper-slide-image\" src=\"https:\/\/fundacionaturaparc.com\/wp-content\/uploads\/2026\/03\/CRIA_02-768x432.webp\" alt=\"CRIA_02\" \/><\/figure><\/div><div class=\"swiper-slide\" role=\"group\" aria-roledescription=\"slide\" aria-label=\"7 de 7\"><figure class=\"swiper-slide-inner\"><img decoding=\"async\" class=\"swiper-slide-image\" src=\"https:\/\/fundacionaturaparc.com\/wp-content\/uploads\/2026\/03\/CRIA_01-768x432.webp\" alt=\"CRIA_01\" \/><\/figure><\/div>\t\t\t<\/div>\n\t\t\t\t\t\t\t\n\t\t\t\t\t\t\t\t\t<\/div>\n\t\t\t\t\t\t<\/div>\n\t\t\t\t<\/div>\n\t\t<div class=\"elementor-element elementor-element-91a185b e-flex e-con-boxed e-con e-parent\" data-id=\"91a185b\" data-element_type=\"container\" data-e-type=\"container\">\n\t\t\t\t\t<div class=\"e-con-inner\">\n\t\t<div class=\"elementor-element elementor-element-e55f086 e-con-full e-flex e-con e-child\" data-id=\"e55f086\" data-element_type=\"container\" data-e-type=\"container\">\n\t\t\t\t<div class=\"elementor-element elementor-element-3c93ac1 elementor-widget elementor-widget-heading\" data-id=\"3c93ac1\" data-element_type=\"widget\" data-e-type=\"widget\" data-widget_type=\"heading.default\">\n\t\t\t\t\t<h2 class=\"elementor-heading-title elementor-size-default\">Necessites contactar amb la Fundaci\u00f3?<\/h2>\t\t\t\t<\/div>\n\t\t\t\t<div class=\"elementor-element elementor-element-4d7b320 elementor-widget elementor-widget-heading\" data-id=\"4d7b320\" data-element_type=\"widget\" data-e-type=\"widget\" data-widget_type=\"heading.default\">\n\t\t\t\t\t<h3 class=\"elementor-heading-title elementor-size-default\">Contacta amb nosaltres<\/h3>\t\t\t\t<\/div>\n\t\t\t\t<div class=\"elementor-element elementor-element-51bfa78 elementor-widget-mobile__width-inherit elementor-widget elementor-widget-text-editor\" data-id=\"51bfa78\" data-element_type=\"widget\" data-e-type=\"widget\" data-widget_type=\"text-editor.default\">\n\t\t\t\t\t\t\t\t\t<p data-path-to-node=\"12\">Som a Santa Eug\u00e8nia. Si tens dubtes sobre la nostra tasca de recuperaci\u00f3 animal i mediambiental, necessites informaci\u00f3 sobre el <b data-path-to-node=\"12\" data-index-in-node=\"128\">Centre de Protecci\u00f3 d&#8217;Animals Dom\u00e8stics (CEPAD)<\/b>, el Servei de Control de Fauna o vols saber com col\u00b7laborar amb la Fundaci\u00f3 Natura Parc, escriu-nos i et respondrem el m\u00e9s aviat possible.<\/p>\t\t\t\t\t\t\t\t<\/div>\n\t\t\t\t<div class=\"elementor-element elementor-element-720ed8e elementor-button-align-stretch elementor-widget elementor-widget-form\" data-id=\"720ed8e\" data-element_type=\"widget\" data-e-type=\"widget\" data-settings=\"{&quot;step_next_label&quot;:&quot;Next&quot;,&quot;step_previous_label&quot;:&quot;Previous&quot;,&quot;button_width&quot;:&quot;100&quot;,&quot;step_type&quot;:&quot;number_text&quot;,&quot;step_icon_shape&quot;:&quot;circle&quot;}\" data-widget_type=\"form.default\">\n\t\t\t\t\t\t\t<form class=\"elementor-form\" method=\"post\" name=\"New Form\" aria-label=\"New Form\">\n\t\t\t<input type=\"hidden\" name=\"post_id\" value=\"6103\"\/>\n\t\t\t<input type=\"hidden\" name=\"form_id\" value=\"720ed8e\"\/>\n\t\t\t<input type=\"hidden\" name=\"referer_title\" value=\"Centre de Cria\" \/>\n\n\t\t\t\t\t\t\t<input type=\"hidden\" name=\"queried_id\" value=\"6103\"\/>\n\t\t\t\n\t\t\t<div class=\"elementor-form-fields-wrapper elementor-labels-\">\n\t\t\t\t\t\t\t\t<div class=\"elementor-field-type-text elementor-field-group elementor-column elementor-field-group-name elementor-col-100\">\n\t\t\t\t\t\t\t\t\t\t\t\t<label for=\"form-field-name\" class=\"elementor-field-label elementor-screen-only\">\n\t\t\t\t\t\t\t\tNombre\t\t\t\t\t\t\t<\/label>\n\t\t\t\t\t\t\t\t\t\t\t\t\t\t<input size=\"1\" type=\"text\" name=\"form_fields[name]\" id=\"form-field-name\" class=\"elementor-field elementor-size-md  elementor-field-textual\" placeholder=\"Nom\">\n\t\t\t\t\t\t\t\t\t\t\t<\/div>\n\t\t\t\t\t\t\t\t<div class=\"elementor-field-type-email elementor-field-group elementor-column elementor-field-group-email elementor-col-100 elementor-field-required\">\n\t\t\t\t\t\t\t\t\t\t\t\t<label for=\"form-field-email\" class=\"elementor-field-label elementor-screen-only\">\n\t\t\t\t\t\t\t\tCorreo electr\u00f3nico\t\t\t\t\t\t\t<\/label>\n\t\t\t\t\t\t\t\t\t\t\t\t\t\t<input size=\"1\" type=\"email\" name=\"form_fields[email]\" id=\"form-field-email\" class=\"elementor-field elementor-size-md  elementor-field-textual\" placeholder=\"Correu electr\u00f2nic\" required=\"required\">\n\t\t\t\t\t\t\t\t\t\t\t<\/div>\n\t\t\t\t\t\t\t\t<div class=\"elementor-field-type-textarea elementor-field-group elementor-column elementor-field-group-message elementor-col-100\">\n\t\t\t\t\t\t\t\t\t\t\t\t<label for=\"form-field-message\" class=\"elementor-field-label elementor-screen-only\">\n\t\t\t\t\t\t\t\t\u00bfEn que podemos ayudarte?\t\t\t\t\t\t\t<\/label>\n\t\t\t\t\t\t<textarea class=\"elementor-field-textual elementor-field  elementor-size-md\" name=\"form_fields[message]\" id=\"form-field-message\" rows=\"4\" placeholder=\"En qu\u00e8 et podem ajudar?\"><\/textarea>\t\t\t\t<\/div>\n\t\t\t\t\t\t\t\t<div class=\"elementor-field-group elementor-column elementor-field-type-submit elementor-col-100 e-form__buttons\">\n\t\t\t\t\t<button class=\"elementor-button elementor-size-sm\" type=\"submit\">\n\t\t\t\t\t\t<span class=\"elementor-button-content-wrapper\">\n\t\t\t\t\t\t\t\t\t\t\t\t\t\t\t\t\t\t\t\t\t\t<span class=\"elementor-button-text\">Contactar ara!<\/span>\n\t\t\t\t\t\t\t\t\t\t\t\t\t<\/span>\n\t\t\t\t\t<\/button>\n\t\t\t\t<\/div>\n\t\t\t<\/div>\n\t\t<\/form>\n\t\t\t\t\t\t<\/div>\n\t\t\t\t<\/div>\n\t\t<div class=\"elementor-element elementor-element-9a4950d e-con-full e-flex e-con e-child\" data-id=\"9a4950d\" data-element_type=\"container\" data-e-type=\"container\" data-settings=\"{&quot;background_background&quot;:&quot;classic&quot;}\">\n\t\t<div class=\"elementor-element elementor-element-c7f5a83 e-con-full e-flex e-con e-child\" data-id=\"c7f5a83\" data-element_type=\"container\" data-e-type=\"container\" data-settings=\"{&quot;background_background&quot;:&quot;video&quot;,&quot;background_video_link&quot;:&quot;https:\\\/\\\/fundacionaturaparc.com\\\/wp-content\\\/uploads\\\/2026\\\/03\\\/VIDEO-FNP-WEB.mp4&quot;}\">\n\t\t<div class=\"elementor-background-video-container elementor-hidden-mobile\">\n\t\t\t\t\t\t\t<video class=\"elementor-background-video-hosted\" role=\"presentation\" autoplay muted playsinline loop><\/video>\n\t\t\t\t\t<\/div>\t\t<\/div>\n\t\t\t\t<div class=\"elementor-element elementor-element-3f3045d elementor-widget elementor-widget-heading\" data-id=\"3f3045d\" data-element_type=\"widget\" data-e-type=\"widget\" data-widget_type=\"heading.default\">\n\t\t\t\t\t<h2 class=\"elementor-heading-title elementor-size-default\">La teva ajuda salva vides!<\/h2>\t\t\t\t<\/div>\n\t\t\t\t<div class=\"elementor-element elementor-element-ee80e51 elementor-widget elementor-widget-text-editor\" data-id=\"ee80e51\" data-element_type=\"widget\" data-e-type=\"widget\" data-widget_type=\"text-editor.default\">\n\t\t\t\t\t\t\t\t\t<p data-path-to-node=\"17\">Uneix-te a la nostra tasca i ajuda&#8217;ns a garantir el benestar dels animals que m\u00e9s ho necessiten. El teu suport fa possible el nostre treball diari.<\/p>\t\t\t\t\t\t\t\t<\/div>\n\t\t\t\t<div class=\"elementor-element elementor-element-8a14ee3 elementor-align-center elementor-mobile-align-center elementor-widget elementor-widget-button\" data-id=\"8a14ee3\" data-element_type=\"widget\" data-e-type=\"widget\" data-widget_type=\"button.default\">\n\t\t\t\t\t\t\t\t\t\t<a class=\"elementor-button elementor-button-link elementor-size-sm\" href=\"https:\/\/fundacionaturaparc.com\/ca\/donaciones\/\">\n\t\t\t\t\t\t<span class=\"elementor-button-content-wrapper\">\n\t\t\t\t\t\t<span class=\"elementor-button-icon\">\n\t\t\t\t<svg aria-hidden=\"true\" class=\"e-font-icon-svg e-fas-heart\" viewBox=\"0 0 512 512\" xmlns=\"http:\/\/www.w3.org\/2000\/svg\"><path d=\"M462.3 62.6C407.5 15.9 326 24.3 275.7 76.2L256 96.5l-19.7-20.3C186.1 24.3 104.5 15.9 49.7 62.6c-62.8 53.6-66.1 149.8-9.9 207.9l193.5 199.8c12.5 12.9 32.8 12.9 45.3 0l193.5-199.8c56.3-58.1 53-154.3-9.8-207.9z\"><\/path><\/svg>\t\t\t<\/span>\n\t\t\t\t\t\t\t\t\t<span class=\"elementor-button-text\">Col\u00b7labora amb la Fundaci\u00f3<\/span>\n\t\t\t\t\t<\/span>\n\t\t\t\t\t<\/a>\n\t\t\t\t\t\t\t\t<\/div>\n\t\t\t\t<\/div>\n\t\t\t\t\t<\/div>\n\t\t\t\t<\/div>\n\t\t\t\t<\/div>\n\t\t","protected":false},"excerpt":{"rendered":"<p>Conservaci\u00f3 i reproducci\u00f3 d\u2019esp\u00e8cies Centre de cria Qu\u00e8 \u00e9s el Centre de Cria? La Zona de Cria de la Fundaci\u00f3 Natura Parc \u00e9s un espai dedicat a la reproducci\u00f3 i conservaci\u00f3 d\u2019esp\u00e8cies animals, amb especial atenci\u00f3 a aquelles que formen part del patrimoni natural o que es troben sota programes de conservaci\u00f3. En aquest departament [&hellip;]<\/p>\n","protected":false},"author":1,"featured_media":0,"parent":0,"menu_order":0,"comment_status":"closed","ping_status":"closed","template":"elementor_header_footer","meta":{"_acf_changed":false,"give_campaign_id":0,"footnotes":""},"class_list":["post-6103","page","type-page","status-publish","hentry"],"acf":[],"campaignId":"","_links":{"self":[{"href":"https:\/\/fundacionaturaparc.com\/ca\/wp-json\/wp\/v2\/pages\/6103","targetHints":{"allow":["GET"]}}],"collection":[{"href":"https:\/\/fundacionaturaparc.com\/ca\/wp-json\/wp\/v2\/pages"}],"about":[{"href":"https:\/\/fundacionaturaparc.com\/ca\/wp-json\/wp\/v2\/types\/page"}],"author":[{"embeddable":true,"href":"https:\/\/fundacionaturaparc.com\/ca\/wp-json\/wp\/v2\/users\/1"}],"replies":[{"embeddable":true,"href":"https:\/\/fundacionaturaparc.com\/ca\/wp-json\/wp\/v2\/comments?post=6103"}],"version-history":[{"count":5,"href":"https:\/\/fundacionaturaparc.com\/ca\/wp-json\/wp\/v2\/pages\/6103\/revisions"}],"predecessor-version":[{"id":7143,"href":"https:\/\/fundacionaturaparc.com\/ca\/wp-json\/wp\/v2\/pages\/6103\/revisions\/7143"}],"wp:attachment":[{"href":"https:\/\/fundacionaturaparc.com\/ca\/wp-json\/wp\/v2\/media?parent=6103"}],"curies":[{"name":"wp","href":"https:\/\/api.w.org\/{rel}","templated":true}]}}