{"id":6120,"date":"2026-03-04T16:15:57","date_gmt":"2026-03-04T16:15:57","guid":{"rendered":"https:\/\/fundacionaturaparc.com\/cofib\/"},"modified":"2026-04-20T16:42:58","modified_gmt":"2026-04-20T16:42:58","slug":"cofib","status":"publish","type":"page","link":"https:\/\/fundacionaturaparc.com\/ca\/cofib\/","title":{"rendered":"COFIB"},"content":{"rendered":"\t\t<div data-elementor-type=\"wp-page\" data-elementor-id=\"6120\" class=\"elementor elementor-6120 elementor-3520\" data-elementor-post-type=\"page\">\n\t\t\t\t<div class=\"elementor-element elementor-element-d4030a4 e-flex e-con-boxed e-con e-parent\" data-id=\"d4030a4\" data-element_type=\"container\" data-e-type=\"container\" data-settings=\"{&quot;background_background&quot;:&quot;slideshow&quot;,&quot;background_slideshow_gallery&quot;:[{&quot;id&quot;:4207,&quot;url&quot;:&quot;https:\\\/\\\/fundacionaturaparc.com\\\/wp-content\\\/uploads\\\/2026\\\/03\\\/COFIB_08.webp&quot;},{&quot;id&quot;:4210,&quot;url&quot;:&quot;https:\\\/\\\/fundacionaturaparc.com\\\/wp-content\\\/uploads\\\/2026\\\/03\\\/COFIB_20.webp&quot;},{&quot;id&quot;:4216,&quot;url&quot;:&quot;https:\\\/\\\/fundacionaturaparc.com\\\/wp-content\\\/uploads\\\/2026\\\/03\\\/COFIB_06.webp&quot;},{&quot;id&quot;:4219,&quot;url&quot;:&quot;https:\\\/\\\/fundacionaturaparc.com\\\/wp-content\\\/uploads\\\/2026\\\/03\\\/COFIB_07.webp&quot;},{&quot;id&quot;:4222,&quot;url&quot;:&quot;https:\\\/\\\/fundacionaturaparc.com\\\/wp-content\\\/uploads\\\/2026\\\/03\\\/COFIB_03.webp&quot;}],&quot;background_slideshow_slide_duration&quot;:2500,&quot;background_slideshow_loop&quot;:&quot;yes&quot;,&quot;background_slideshow_slide_transition&quot;:&quot;fade&quot;,&quot;background_slideshow_transition_duration&quot;:500}\">\n\t\t\t\t\t<div class=\"e-con-inner\">\n\t\t\t\t<div class=\"elementor-element elementor-element-74d8bb8 elementor-widget__width-initial elementor-widget elementor-widget-heading\" data-id=\"74d8bb8\" data-element_type=\"widget\" data-e-type=\"widget\" data-widget_type=\"heading.default\">\n\t\t\t\t\t<div class=\"elementor-heading-title elementor-size-default\">Una segona oportunitat per a la vida silvestre<\/div>\t\t\t\t<\/div>\n\t\t\t\t<div class=\"elementor-element elementor-element-0a7fc51 elementor-widget elementor-widget-heading\" data-id=\"0a7fc51\" data-element_type=\"widget\" data-e-type=\"widget\" data-widget_type=\"heading.default\">\n\t\t\t\t\t<h1 class=\"elementor-heading-title elementor-size-default\">COFIB<\/h1>\t\t\t\t<\/div>\n\t\t\t\t\t<\/div>\n\t\t\t\t<\/div>\n\t\t<div class=\"elementor-element elementor-element-573f25a e-flex e-con-boxed e-con e-parent\" data-id=\"573f25a\" data-element_type=\"container\" data-e-type=\"container\">\n\t\t\t\t\t<div class=\"e-con-inner\">\n\t\t<div class=\"elementor-element elementor-element-13ce17b e-con-full e-flex e-con e-child\" data-id=\"13ce17b\" data-element_type=\"container\" data-e-type=\"container\">\n\t\t\t\t<div class=\"elementor-element elementor-element-ad2d2e5 elementor-widget elementor-widget-image\" data-id=\"ad2d2e5\" data-element_type=\"widget\" data-e-type=\"widget\" data-widget_type=\"image.default\">\n\t\t\t\t\t\t\t\t\t\t\t\t\t\t\t<img fetchpriority=\"high\" decoding=\"async\" width=\"640\" height=\"640\" src=\"https:\/\/fundacionaturaparc.com\/wp-content\/uploads\/2026\/03\/departamentos_0001_COFIB.png\" class=\"attachment-large size-large wp-image-3596\" alt=\"\" srcset=\"https:\/\/fundacionaturaparc.com\/wp-content\/uploads\/2026\/03\/departamentos_0001_COFIB.png 1000w, https:\/\/fundacionaturaparc.com\/wp-content\/uploads\/2026\/03\/departamentos_0001_COFIB-300x300.png 300w, https:\/\/fundacionaturaparc.com\/wp-content\/uploads\/2026\/03\/departamentos_0001_COFIB-150x150.png 150w, https:\/\/fundacionaturaparc.com\/wp-content\/uploads\/2026\/03\/departamentos_0001_COFIB-768x768.png 768w, https:\/\/fundacionaturaparc.com\/wp-content\/uploads\/2026\/03\/departamentos_0001_COFIB-100x100.png 100w\" sizes=\"(max-width: 640px) 100vw, 640px\" \/>\t\t\t\t\t\t\t\t\t\t\t\t\t\t\t<\/div>\n\t\t\t\t<\/div>\n\t\t<div class=\"elementor-element elementor-element-51c70f7 e-con-full e-flex e-con e-child\" data-id=\"51c70f7\" data-element_type=\"container\" data-e-type=\"container\">\n\t\t\t\t<div class=\"elementor-element elementor-element-30a3ead elementor-widget elementor-widget-heading\" data-id=\"30a3ead\" data-element_type=\"widget\" data-e-type=\"widget\" data-widget_type=\"heading.default\">\n\t\t\t\t\t<h2 class=\"elementor-heading-title elementor-size-default\">Rescat, cura i posada en llibertat de fauna silvestre a les Balears<\/h2>\t\t\t\t<\/div>\n\t\t\t\t<div class=\"elementor-element elementor-element-eeb4c9d elementor-widget__width-initial elementor-widget-mobile__width-inherit elementor-widget elementor-widget-text-editor\" data-id=\"eeb4c9d\" data-element_type=\"widget\" data-e-type=\"widget\" data-widget_type=\"text-editor.default\">\n\t\t\t\t\t\t\t\t\t<p data-path-to-node=\"6\">Col\u00b7laborem activament amb el COFIB, el centre de refer\u00e8ncia a les Balears per a l&#8217;atenci\u00f3 de fauna silvestre ferida, malalta o \u00f2rfena (com tortugues, aus rapinyaires, eri\u00e7ons, etc.). El nostre equip de veterinaris i especialistes treballa incansablement per rehabilitar aquests animals i, sempre que sigui possible, retornar-los al seu h\u00e0bitat natural. A m\u00e9s, actuem en el control d&#8217;esp\u00e8cies ex\u00f2tiques invasores que amenacen els nostres delicats ecosistemes.<\/p>\t\t\t\t\t\t\t\t<\/div>\n\t\t\t\t<div class=\"elementor-element elementor-element-a91eabe elementor-align-left elementor-mobile-align-center elementor-tablet-align-center elementor-widget elementor-widget-button\" data-id=\"a91eabe\" data-element_type=\"widget\" data-e-type=\"widget\" data-widget_type=\"button.default\">\n\t\t\t\t\t\t\t\t\t\t<a class=\"elementor-button elementor-button-link elementor-size-sm\" href=\"https:\/\/fundacionaturaparc.com\/ca\/contacte\/\">\n\t\t\t\t\t\t<span class=\"elementor-button-content-wrapper\">\n\t\t\t\t\t\t<span class=\"elementor-button-icon\">\n\t\t\t\t<svg aria-hidden=\"true\" class=\"e-font-icon-svg e-fas-info-circle\" viewBox=\"0 0 512 512\" xmlns=\"http:\/\/www.w3.org\/2000\/svg\"><path d=\"M256 8C119.043 8 8 119.083 8 256c0 136.997 111.043 248 248 248s248-111.003 248-248C504 119.083 392.957 8 256 8zm0 110c23.196 0 42 18.804 42 42s-18.804 42-42 42-42-18.804-42-42 18.804-42 42-42zm56 254c0 6.627-5.373 12-12 12h-88c-6.627 0-12-5.373-12-12v-24c0-6.627 5.373-12 12-12h12v-64h-12c-6.627 0-12-5.373-12-12v-24c0-6.627 5.373-12 12-12h64c6.627 0 12 5.373 12 12v100h12c6.627 0 12 5.373 12 12v24z\"><\/path><\/svg>\t\t\t<\/span>\n\t\t\t\t\t\t\t\t\t<span class=\"elementor-button-text\">Contacta'ns per a m\u00e9s informaci\u00f3<\/span>\n\t\t\t\t\t<\/span>\n\t\t\t\t\t<\/a>\n\t\t\t\t\t\t\t\t<\/div>\n\t\t\t\t<\/div>\n\t\t\t\t\t<\/div>\n\t\t\t\t<\/div>\n\t\t<div class=\"elementor-element elementor-element-b15c20a e-con-full e-flex e-con e-parent\" data-id=\"b15c20a\" data-element_type=\"container\" data-e-type=\"container\">\n\t\t<div class=\"elementor-element elementor-element-c8528c4 e-flex e-con-boxed e-con e-child\" data-id=\"c8528c4\" data-element_type=\"container\" data-e-type=\"container\" data-settings=\"{&quot;background_background&quot;:&quot;classic&quot;}\">\n\t\t\t\t\t<div class=\"e-con-inner\">\n\t\t<div class=\"elementor-element elementor-element-9b8f8f1 e-con-full e-flex e-con e-child\" data-id=\"9b8f8f1\" data-element_type=\"container\" data-e-type=\"container\">\n\t\t<div class=\"elementor-element elementor-element-fb1b08b e-con-full e-flex e-con e-child\" data-id=\"fb1b08b\" data-element_type=\"container\" data-e-type=\"container\">\n\t\t<div class=\"elementor-element elementor-element-9cedb1c e-con-full e-flex e-con e-child\" data-id=\"9cedb1c\" data-element_type=\"container\" data-e-type=\"container\" data-settings=\"{&quot;background_background&quot;:&quot;slideshow&quot;,&quot;background_slideshow_gallery&quot;:[{&quot;id&quot;:4204,&quot;url&quot;:&quot;https:\\\/\\\/fundacionaturaparc.com\\\/wp-content\\\/uploads\\\/2026\\\/03\\\/COFIB_09.webp&quot;},{&quot;id&quot;:4249,&quot;url&quot;:&quot;https:\\\/\\\/fundacionaturaparc.com\\\/wp-content\\\/uploads\\\/2026\\\/03\\\/COFIB_01.webp&quot;},{&quot;id&quot;:4228,&quot;url&quot;:&quot;https:\\\/\\\/fundacionaturaparc.com\\\/wp-content\\\/uploads\\\/2026\\\/03\\\/COFIB_16.webp&quot;},{&quot;id&quot;:4234,&quot;url&quot;:&quot;https:\\\/\\\/fundacionaturaparc.com\\\/wp-content\\\/uploads\\\/2026\\\/03\\\/COFIB_17.webp&quot;},{&quot;id&quot;:4237,&quot;url&quot;:&quot;https:\\\/\\\/fundacionaturaparc.com\\\/wp-content\\\/uploads\\\/2026\\\/03\\\/COFIB_19.webp&quot;},{&quot;id&quot;:4240,&quot;url&quot;:&quot;https:\\\/\\\/fundacionaturaparc.com\\\/wp-content\\\/uploads\\\/2026\\\/03\\\/COFIB_18.webp&quot;},{&quot;id&quot;:4243,&quot;url&quot;:&quot;https:\\\/\\\/fundacionaturaparc.com\\\/wp-content\\\/uploads\\\/2026\\\/03\\\/COFIB_14.webp&quot;},{&quot;id&quot;:4246,&quot;url&quot;:&quot;https:\\\/\\\/fundacionaturaparc.com\\\/wp-content\\\/uploads\\\/2026\\\/03\\\/COFIB_12.webp&quot;},{&quot;id&quot;:4231,&quot;url&quot;:&quot;https:\\\/\\\/fundacionaturaparc.com\\\/wp-content\\\/uploads\\\/2026\\\/03\\\/COFIB_10.webp&quot;},{&quot;id&quot;:4210,&quot;url&quot;:&quot;https:\\\/\\\/fundacionaturaparc.com\\\/wp-content\\\/uploads\\\/2026\\\/03\\\/COFIB_20.webp&quot;},{&quot;id&quot;:4253,&quot;url&quot;:&quot;https:\\\/\\\/fundacionaturaparc.com\\\/wp-content\\\/uploads\\\/2026\\\/03\\\/COFIB_05.webp&quot;},{&quot;id&quot;:4207,&quot;url&quot;:&quot;https:\\\/\\\/fundacionaturaparc.com\\\/wp-content\\\/uploads\\\/2026\\\/03\\\/COFIB_08.webp&quot;},{&quot;id&quot;:4219,&quot;url&quot;:&quot;https:\\\/\\\/fundacionaturaparc.com\\\/wp-content\\\/uploads\\\/2026\\\/03\\\/COFIB_07.webp&quot;},{&quot;id&quot;:4216,&quot;url&quot;:&quot;https:\\\/\\\/fundacionaturaparc.com\\\/wp-content\\\/uploads\\\/2026\\\/03\\\/COFIB_06.webp&quot;},{&quot;id&quot;:4222,&quot;url&quot;:&quot;https:\\\/\\\/fundacionaturaparc.com\\\/wp-content\\\/uploads\\\/2026\\\/03\\\/COFIB_03.webp&quot;}],&quot;background_slideshow_slide_duration&quot;:2500,&quot;background_slideshow_loop&quot;:&quot;yes&quot;,&quot;background_slideshow_slide_transition&quot;:&quot;fade&quot;,&quot;background_slideshow_transition_duration&quot;:500}\">\n\t\t\t\t<\/div>\n\t\t<div class=\"elementor-element elementor-element-ba8d7ca e-con-full e-flex e-con e-child\" data-id=\"ba8d7ca\" data-element_type=\"container\" data-e-type=\"container\">\n\t\t\t\t<div class=\"elementor-element elementor-element-8231871 elementor-widget elementor-widget-heading\" data-id=\"8231871\" data-element_type=\"widget\" data-e-type=\"widget\" data-widget_type=\"heading.default\">\n\t\t\t\t\t<h2 class=\"elementor-heading-title elementor-size-default\">Consorci per a la Recuperaci\u00f3 de la Fauna de les Illes Balears<\/h2>\t\t\t\t<\/div>\n\t\t\t\t<div class=\"elementor-element elementor-element-0b4ac58 elementor-widget-mobile__width-inherit elementor-widget elementor-widget-text-editor\" data-id=\"0b4ac58\" data-element_type=\"widget\" data-e-type=\"widget\" data-widget_type=\"text-editor.default\">\n\t\t\t\t\t\t\t\t\t<p>El COFIB va n\u00e9ixer el 2004 fruit de la uni\u00f3 entre la Comunitat Aut\u00f2noma de les Illes Balears (Conselleria de Medi Ambient, Agricultura i Pesca) i la Fundaci\u00f3 Natura Parc. Des de llavors, hem crescut per convertir-nos en l&#8217;eix central de la cura animal a l&#8217;arxip\u00e8lag.<\/p><p>Des del 2012, coordinem les actuacions de recuperaci\u00f3 de fauna no nom\u00e9s a Mallorca, sin\u00f3 tamb\u00e9 a Menorca, Eivissa i Formentera, col\u00b7laborant amb entitats especialitzades. A m\u00e9s, gestionem l&#8217;atenci\u00f3 de tortugues marines i cetacis que apareixen varats al nostre litoral. <strong>Gr\u00e0cies a aquesta xarxa auton\u00f2mica, els centres de les Balears aconsegueixen atendre uns 5.000 exemplars de fauna silvestre cada any.<\/strong><\/p>\t\t\t\t\t\t\t\t<\/div>\n\t\t\t\t<\/div>\n\t\t\t\t<\/div>\n\t\t<div class=\"elementor-element elementor-element-988615a e-con-full e-flex e-con e-child\" data-id=\"988615a\" data-element_type=\"container\" data-e-type=\"container\" data-settings=\"{&quot;background_background&quot;:&quot;classic&quot;}\">\n\t\t\t\t<div class=\"elementor-element elementor-element-9a9a903 elementor-widget elementor-widget-heading\" data-id=\"9a9a903\" data-element_type=\"widget\" data-e-type=\"widget\" data-widget_type=\"heading.default\">\n\t\t\t\t\t<h2 class=\"elementor-heading-title elementor-size-default\">Sanitat i Control de Fauna Invasora (SCF)<\/h2>\t\t\t\t<\/div>\n\t\t\t\t<div class=\"elementor-element elementor-element-e88a644 elementor-widget elementor-widget-text-editor\" data-id=\"e88a644\" data-element_type=\"widget\" data-e-type=\"widget\" data-widget_type=\"text-editor.default\">\n\t\t\t\t\t\t\t\t\t<p data-path-to-node=\"15\">Comptem amb un equip especialitzat dedicat a minimitzar l&#8217;impacte de les esp\u00e8cies ex\u00f2tiques sobre la biodiversitat dels nostres fr\u00e0gils ecosistemes insulars. A m\u00e9s, aquest equip realitza mostrejos sanitaris en fauna silvestre per detectar i prevenir patologies que puguin afectar tant esp\u00e8cies salvatges com dom\u00e8stiques.<\/p>\t\t\t\t\t\t\t\t<\/div>\n\t\t\t\t<\/div>\n\t\t<div class=\"elementor-element elementor-element-b60124c e-con-full e-flex e-con e-child\" data-id=\"b60124c\" data-element_type=\"container\" data-e-type=\"container\" data-settings=\"{&quot;background_background&quot;:&quot;classic&quot;}\">\n\t\t\t\t<div class=\"elementor-element elementor-element-44cfe27 elementor-widget elementor-widget-heading\" data-id=\"44cfe27\" data-element_type=\"widget\" data-e-type=\"widget\" data-widget_type=\"heading.default\">\n\t\t\t\t\t<h2 class=\"elementor-heading-title elementor-size-default\">Banc de Restes d'Esp\u00e8cies Insulars (BREI)<\/h2>\t\t\t\t<\/div>\n\t\t\t\t<div class=\"elementor-element elementor-element-5ebc816 elementor-widget elementor-widget-text-editor\" data-id=\"5ebc816\" data-element_type=\"widget\" data-e-type=\"widget\" data-widget_type=\"text-editor.default\">\n\t\t\t\t\t\t\t\t\t<p data-path-to-node=\"18\">Des del 2010, el COFIB mant\u00e9 i gestiona aquest important banc de restes biol\u00f2giques d&#8217;esp\u00e8cies silvestres de les Balears. Tot aquest material est\u00e0 a disposici\u00f3 de les entitats i persones que ho sol\u00b7licitin, amb l&#8217;objectiu de fomentar la investigaci\u00f3 cient\u00edfica i l&#8217;educaci\u00f3 ambiental.<\/p>\t\t\t\t\t\t\t\t<\/div>\n\t\t\t\t<\/div>\n\t\t\t\t<\/div>\n\t\t\t\t\t<\/div>\n\t\t\t\t<\/div>\n\t\t\t\t<\/div>\n\t\t<div class=\"elementor-element elementor-element-ac4ebda e-flex e-con-boxed e-con e-parent\" data-id=\"ac4ebda\" data-element_type=\"container\" data-e-type=\"container\">\n\t\t\t\t\t<div class=\"e-con-inner\">\n\t\t<div class=\"elementor-element elementor-element-41b8fba e-con-full e-flex e-con e-child\" data-id=\"41b8fba\" data-element_type=\"container\" data-e-type=\"container\">\n\t\t\t\t<div class=\"elementor-element elementor-element-99d1e5c elementor-widget elementor-widget-heading\" data-id=\"99d1e5c\" data-element_type=\"widget\" data-e-type=\"widget\" data-widget_type=\"heading.default\">\n\t\t\t\t\t<h2 class=\"elementor-heading-title elementor-size-default\">Necessites contactar amb la Fundaci\u00f3?<\/h2>\t\t\t\t<\/div>\n\t\t\t\t<div class=\"elementor-element elementor-element-f89af74 elementor-widget elementor-widget-heading\" data-id=\"f89af74\" data-element_type=\"widget\" data-e-type=\"widget\" data-widget_type=\"heading.default\">\n\t\t\t\t\t<h3 class=\"elementor-heading-title elementor-size-default\">Contacta amb nosaltres<\/h3>\t\t\t\t<\/div>\n\t\t\t\t<div class=\"elementor-element elementor-element-b8e0274 elementor-widget-mobile__width-inherit elementor-widget elementor-widget-text-editor\" data-id=\"b8e0274\" data-element_type=\"widget\" data-e-type=\"widget\" data-widget_type=\"text-editor.default\">\n\t\t\t\t\t\t\t\t\t<p data-path-to-node=\"12\">Som a Santa Eug\u00e8nia. Si tens dubtes sobre la nostra tasca de recuperaci\u00f3 animal i mediambiental, necessites informaci\u00f3 sobre el <b data-path-to-node=\"12\" data-index-in-node=\"128\">Centre de Protecci\u00f3 d&#8217;Animals Dom\u00e8stics (CEPAD)<\/b>, el Servei de Control de Fauna o vols saber com col\u00b7laborar amb la Fundaci\u00f3 Natura Parc, escriu-nos i et respondrem el m\u00e9s aviat possible.<\/p>\t\t\t\t\t\t\t\t<\/div>\n\t\t\t\t<div class=\"elementor-element elementor-element-7039e1a elementor-button-align-stretch elementor-widget elementor-widget-form\" data-id=\"7039e1a\" data-element_type=\"widget\" data-e-type=\"widget\" data-settings=\"{&quot;step_next_label&quot;:&quot;Next&quot;,&quot;step_previous_label&quot;:&quot;Previous&quot;,&quot;button_width&quot;:&quot;100&quot;,&quot;step_type&quot;:&quot;number_text&quot;,&quot;step_icon_shape&quot;:&quot;circle&quot;}\" data-widget_type=\"form.default\">\n\t\t\t\t\t\t\t<form class=\"elementor-form\" method=\"post\" name=\"New Form\" aria-label=\"New Form\">\n\t\t\t<input type=\"hidden\" name=\"post_id\" value=\"6120\"\/>\n\t\t\t<input type=\"hidden\" name=\"form_id\" value=\"7039e1a\"\/>\n\t\t\t<input type=\"hidden\" name=\"referer_title\" value=\"COFIB\" \/>\n\n\t\t\t\t\t\t\t<input type=\"hidden\" name=\"queried_id\" value=\"6120\"\/>\n\t\t\t\n\t\t\t<div class=\"elementor-form-fields-wrapper elementor-labels-\">\n\t\t\t\t\t\t\t\t<div class=\"elementor-field-type-text elementor-field-group elementor-column elementor-field-group-name elementor-col-100\">\n\t\t\t\t\t\t\t\t\t\t\t\t<label for=\"form-field-name\" class=\"elementor-field-label elementor-screen-only\">\n\t\t\t\t\t\t\t\tNombre\t\t\t\t\t\t\t<\/label>\n\t\t\t\t\t\t\t\t\t\t\t\t\t\t<input size=\"1\" type=\"text\" name=\"form_fields[name]\" id=\"form-field-name\" class=\"elementor-field elementor-size-md  elementor-field-textual\" placeholder=\"Nom\">\n\t\t\t\t\t\t\t\t\t\t\t<\/div>\n\t\t\t\t\t\t\t\t<div class=\"elementor-field-type-email elementor-field-group elementor-column elementor-field-group-email elementor-col-100 elementor-field-required\">\n\t\t\t\t\t\t\t\t\t\t\t\t<label for=\"form-field-email\" class=\"elementor-field-label elementor-screen-only\">\n\t\t\t\t\t\t\t\tCorreo electr\u00f3nico\t\t\t\t\t\t\t<\/label>\n\t\t\t\t\t\t\t\t\t\t\t\t\t\t<input size=\"1\" type=\"email\" name=\"form_fields[email]\" id=\"form-field-email\" class=\"elementor-field elementor-size-md  elementor-field-textual\" placeholder=\"Correu electr\u00f2nic\" required=\"required\">\n\t\t\t\t\t\t\t\t\t\t\t<\/div>\n\t\t\t\t\t\t\t\t<div class=\"elementor-field-type-textarea elementor-field-group elementor-column elementor-field-group-message elementor-col-100\">\n\t\t\t\t\t\t\t\t\t\t\t\t<label for=\"form-field-message\" class=\"elementor-field-label elementor-screen-only\">\n\t\t\t\t\t\t\t\t\u00bfEn que podemos ayudarte?\t\t\t\t\t\t\t<\/label>\n\t\t\t\t\t\t<textarea class=\"elementor-field-textual elementor-field  elementor-size-md\" name=\"form_fields[message]\" id=\"form-field-message\" rows=\"4\" placeholder=\"En qu\u00e8 et podem ajudar?\"><\/textarea>\t\t\t\t<\/div>\n\t\t\t\t\t\t\t\t<div class=\"elementor-field-group elementor-column elementor-field-type-submit elementor-col-100 e-form__buttons\">\n\t\t\t\t\t<button class=\"elementor-button elementor-size-sm\" type=\"submit\">\n\t\t\t\t\t\t<span class=\"elementor-button-content-wrapper\">\n\t\t\t\t\t\t\t\t\t\t\t\t\t\t\t\t\t\t\t\t\t\t<span class=\"elementor-button-text\">Contactar ara!<\/span>\n\t\t\t\t\t\t\t\t\t\t\t\t\t<\/span>\n\t\t\t\t\t<\/button>\n\t\t\t\t<\/div>\n\t\t\t<\/div>\n\t\t<\/form>\n\t\t\t\t\t\t<\/div>\n\t\t\t\t<\/div>\n\t\t<div class=\"elementor-element elementor-element-ae0af1d e-con-full e-flex e-con e-child\" data-id=\"ae0af1d\" data-element_type=\"container\" data-e-type=\"container\" data-settings=\"{&quot;background_background&quot;:&quot;classic&quot;}\">\n\t\t<div class=\"elementor-element elementor-element-7f53f64 e-con-full e-flex e-con e-child\" data-id=\"7f53f64\" data-element_type=\"container\" data-e-type=\"container\" data-settings=\"{&quot;background_background&quot;:&quot;video&quot;,&quot;background_video_link&quot;:&quot;https:\\\/\\\/fundacionaturaparc.com\\\/wp-content\\\/uploads\\\/2026\\\/03\\\/VIDEO-FNP-WEB.mp4&quot;}\">\n\t\t<div class=\"elementor-background-video-container elementor-hidden-mobile\">\n\t\t\t\t\t\t\t<video class=\"elementor-background-video-hosted\" role=\"presentation\" autoplay muted playsinline loop><\/video>\n\t\t\t\t\t<\/div>\t\t<\/div>\n\t\t\t\t<div class=\"elementor-element elementor-element-b7da2e3 elementor-widget elementor-widget-heading\" data-id=\"b7da2e3\" data-element_type=\"widget\" data-e-type=\"widget\" data-widget_type=\"heading.default\">\n\t\t\t\t\t<h2 class=\"elementor-heading-title elementor-size-default\">La teva ajuda salva vides!<\/h2>\t\t\t\t<\/div>\n\t\t\t\t<div class=\"elementor-element elementor-element-7cd0447 elementor-widget elementor-widget-text-editor\" data-id=\"7cd0447\" data-element_type=\"widget\" data-e-type=\"widget\" data-widget_type=\"text-editor.default\">\n\t\t\t\t\t\t\t\t\t<p data-path-to-node=\"17\">Uneix-te a la nostra tasca i ajuda&#8217;ns a garantir el benestar dels animals que m\u00e9s ho necessiten. El teu suport fa possible el nostre treball diari.<\/p>\t\t\t\t\t\t\t\t<\/div>\n\t\t\t\t<div class=\"elementor-element elementor-element-47d004c elementor-align-center elementor-mobile-align-center elementor-widget elementor-widget-button\" data-id=\"47d004c\" data-element_type=\"widget\" data-e-type=\"widget\" data-widget_type=\"button.default\">\n\t\t\t\t\t\t\t\t\t\t<a class=\"elementor-button elementor-button-link elementor-size-sm\" href=\"https:\/\/fundacionaturaparc.com\/ca\/donaciones\/\">\n\t\t\t\t\t\t<span class=\"elementor-button-content-wrapper\">\n\t\t\t\t\t\t<span class=\"elementor-button-icon\">\n\t\t\t\t<svg aria-hidden=\"true\" class=\"e-font-icon-svg e-fas-heart\" viewBox=\"0 0 512 512\" xmlns=\"http:\/\/www.w3.org\/2000\/svg\"><path d=\"M462.3 62.6C407.5 15.9 326 24.3 275.7 76.2L256 96.5l-19.7-20.3C186.1 24.3 104.5 15.9 49.7 62.6c-62.8 53.6-66.1 149.8-9.9 207.9l193.5 199.8c12.5 12.9 32.8 12.9 45.3 0l193.5-199.8c56.3-58.1 53-154.3-9.8-207.9z\"><\/path><\/svg>\t\t\t<\/span>\n\t\t\t\t\t\t\t\t\t<span class=\"elementor-button-text\">Col\u00b7labora amb la Fundaci\u00f3<\/span>\n\t\t\t\t\t<\/span>\n\t\t\t\t\t<\/a>\n\t\t\t\t\t\t\t\t<\/div>\n\t\t\t\t<\/div>\n\t\t\t\t\t<\/div>\n\t\t\t\t<\/div>\n\t\t\t\t<\/div>\n\t\t","protected":false},"excerpt":{"rendered":"<p>Una segona oportunitat per a la vida silvestre COFIB Rescat, cura i posada en llibertat de fauna silvestre a les Balears Col\u00b7laborem activament amb el COFIB, el centre de refer\u00e8ncia a les Balears per a l&#8217;atenci\u00f3 de fauna silvestre ferida, malalta o \u00f2rfena (com tortugues, aus rapinyaires, eri\u00e7ons, etc.). El nostre equip de veterinaris i [&hellip;]<\/p>\n","protected":false},"author":1,"featured_media":0,"parent":0,"menu_order":0,"comment_status":"closed","ping_status":"closed","template":"elementor_header_footer","meta":{"_acf_changed":false,"give_campaign_id":0,"footnotes":""},"class_list":["post-6120","page","type-page","status-publish","hentry"],"acf":[],"campaignId":"","_links":{"self":[{"href":"https:\/\/fundacionaturaparc.com\/ca\/wp-json\/wp\/v2\/pages\/6120","targetHints":{"allow":["GET"]}}],"collection":[{"href":"https:\/\/fundacionaturaparc.com\/ca\/wp-json\/wp\/v2\/pages"}],"about":[{"href":"https:\/\/fundacionaturaparc.com\/ca\/wp-json\/wp\/v2\/types\/page"}],"author":[{"embeddable":true,"href":"https:\/\/fundacionaturaparc.com\/ca\/wp-json\/wp\/v2\/users\/1"}],"replies":[{"embeddable":true,"href":"https:\/\/fundacionaturaparc.com\/ca\/wp-json\/wp\/v2\/comments?post=6120"}],"version-history":[{"count":7,"href":"https:\/\/fundacionaturaparc.com\/ca\/wp-json\/wp\/v2\/pages\/6120\/revisions"}],"predecessor-version":[{"id":7090,"href":"https:\/\/fundacionaturaparc.com\/ca\/wp-json\/wp\/v2\/pages\/6120\/revisions\/7090"}],"wp:attachment":[{"href":"https:\/\/fundacionaturaparc.com\/ca\/wp-json\/wp\/v2\/media?parent=6120"}],"curies":[{"name":"wp","href":"https:\/\/api.w.org\/{rel}","templated":true}]}}