{"id":6141,"date":"2026-03-04T16:17:05","date_gmt":"2026-03-04T16:17:05","guid":{"rendered":"https:\/\/fundacionaturaparc.com\/silvicultura\/"},"modified":"2026-04-20T17:25:10","modified_gmt":"2026-04-20T17:25:10","slug":"silvicultura","status":"publish","type":"page","link":"https:\/\/fundacionaturaparc.com\/ca\/silvicultura\/","title":{"rendered":"Silvicultura"},"content":{"rendered":"\t\t<div data-elementor-type=\"wp-page\" data-elementor-id=\"6141\" class=\"elementor elementor-6141 elementor-3526\" data-elementor-post-type=\"page\">\n\t\t\t\t<div class=\"elementor-element elementor-element-d74e800 e-flex e-con-boxed e-con e-parent\" data-id=\"d74e800\" data-element_type=\"container\" data-e-type=\"container\" data-settings=\"{&quot;background_background&quot;:&quot;slideshow&quot;,&quot;background_slideshow_gallery&quot;:[{&quot;id&quot;:3856,&quot;url&quot;:&quot;https:\\\/\\\/fundacionaturaparc.com\\\/wp-content\\\/uploads\\\/2026\\\/03\\\/SILVI_09.webp&quot;},{&quot;id&quot;:3877,&quot;url&quot;:&quot;https:\\\/\\\/fundacionaturaparc.com\\\/wp-content\\\/uploads\\\/2026\\\/03\\\/SILVI_02.webp&quot;}],&quot;background_slideshow_loop&quot;:&quot;yes&quot;,&quot;background_slideshow_slide_duration&quot;:5000,&quot;background_slideshow_slide_transition&quot;:&quot;fade&quot;,&quot;background_slideshow_transition_duration&quot;:500}\">\n\t\t\t\t\t<div class=\"e-con-inner\">\n\t\t\t\t<div class=\"elementor-element elementor-element-7fb9856 elementor-widget elementor-widget-heading\" data-id=\"7fb9856\" data-element_type=\"widget\" data-e-type=\"widget\" data-widget_type=\"heading.default\">\n\t\t\t\t\t<div class=\"elementor-heading-title elementor-size-default\">Gesti\u00f3 i Cura dels Boscos<\/div>\t\t\t\t<\/div>\n\t\t\t\t<div class=\"elementor-element elementor-element-cebb5fa elementor-widget elementor-widget-heading\" data-id=\"cebb5fa\" data-element_type=\"widget\" data-e-type=\"widget\" data-widget_type=\"heading.default\">\n\t\t\t\t\t<h1 class=\"elementor-heading-title elementor-size-default\">SILVICULTURA<\/h1>\t\t\t\t<\/div>\n\t\t\t\t\t<\/div>\n\t\t\t\t<\/div>\n\t\t<div class=\"elementor-element elementor-element-46cdcc9 e-flex e-con-boxed e-con e-parent\" data-id=\"46cdcc9\" data-element_type=\"container\" data-e-type=\"container\">\n\t\t\t\t\t<div class=\"e-con-inner\">\n\t\t<div class=\"elementor-element elementor-element-78fac97 e-flex e-con-boxed e-con e-child\" data-id=\"78fac97\" data-element_type=\"container\" data-e-type=\"container\">\n\t\t\t\t\t<div class=\"e-con-inner\">\n\t\t\t\t<div class=\"elementor-element elementor-element-c8a7647 elementor-widget elementor-widget-heading\" data-id=\"c8a7647\" data-element_type=\"widget\" data-e-type=\"widget\" data-widget_type=\"heading.default\">\n\t\t\t\t\t<h2 class=\"elementor-heading-title elementor-size-default\">La nostra Tasca i Comprom\u00eds<\/h2>\t\t\t\t<\/div>\n\t\t\t\t<div class=\"elementor-element elementor-element-10558d7 elementor-widget__width-initial elementor-widget-mobile__width-inherit elementor-widget elementor-widget-text-editor\" data-id=\"10558d7\" data-element_type=\"widget\" data-e-type=\"widget\" data-widget_type=\"text-editor.default\">\n\t\t\t\t\t\t\t\t\t<p data-path-to-node=\"11\">En el departament de <b data-path-to-node=\"11\" data-index-in-node=\"21\">Silvicultura<\/b> de la Fundaci\u00f3 Natura Parc, <b data-path-to-node=\"11\" data-index-in-node=\"62\">unim les antigues tradicions amb les \u00faltimes tecnologies.<\/b> El nostre comprom\u00eds principal \u00e9s la regeneraci\u00f3 i el manteniment de l&#8217;entorn natural mitjan\u00e7ant m\u00e8todes respectuosos amb l&#8217;ecosistema.<\/p><p data-path-to-node=\"12\">Duem a terme la <b data-path-to-node=\"12\" data-index-in-node=\"16\">neteja de zones forestals i torrents utilitzant mitjans animals no agressius<\/b>, la qual cosa ens permet intervenir en el medi ambient sense alterar l&#8217;equilibri dels microh\u00e0bitats. A trav\u00e9s d&#8217;aquest projecte, no nom\u00e9s cuidem els nostres boscos, sin\u00f3 que tamb\u00e9 rescatem i posem en valor elements clau de la nostra identitat rural i biol\u00f2gica.<\/p>\t\t\t\t\t\t\t\t<\/div>\n\t\t\t\t\t<\/div>\n\t\t\t\t<\/div>\n\t\t\t\t\t<\/div>\n\t\t\t\t<\/div>\n\t\t<div class=\"elementor-element elementor-element-87eb4c9 e-con-full e-flex e-con e-parent\" data-id=\"87eb4c9\" data-element_type=\"container\" data-e-type=\"container\">\n\t\t\t\t<div class=\"elementor-element elementor-element-6eba94f elementor-widget elementor-widget-image-carousel\" data-id=\"6eba94f\" data-element_type=\"widget\" data-e-type=\"widget\" data-settings=\"{&quot;slides_to_show&quot;:&quot;4&quot;,&quot;navigation&quot;:&quot;none&quot;,&quot;image_spacing_custom&quot;:{&quot;unit&quot;:&quot;px&quot;,&quot;size&quot;:0,&quot;sizes&quot;:[]},&quot;autoplay&quot;:&quot;yes&quot;,&quot;pause_on_hover&quot;:&quot;yes&quot;,&quot;pause_on_interaction&quot;:&quot;yes&quot;,&quot;autoplay_speed&quot;:5000,&quot;infinite&quot;:&quot;yes&quot;,&quot;speed&quot;:500,&quot;image_spacing_custom_tablet&quot;:{&quot;unit&quot;:&quot;px&quot;,&quot;size&quot;:&quot;&quot;,&quot;sizes&quot;:[]},&quot;image_spacing_custom_mobile&quot;:{&quot;unit&quot;:&quot;px&quot;,&quot;size&quot;:&quot;&quot;,&quot;sizes&quot;:[]}}\" data-widget_type=\"image-carousel.default\">\n\t\t\t\t\t\t\t<div class=\"elementor-image-carousel-wrapper swiper\" role=\"region\" aria-roledescription=\"carousel\" aria-label=\"Carrusel de im\u00e1genes\" dir=\"ltr\">\n\t\t\t<div class=\"elementor-image-carousel swiper-wrapper swiper-image-stretch\" aria-live=\"off\">\n\t\t\t\t\t\t\t\t<div class=\"swiper-slide\" role=\"group\" aria-roledescription=\"slide\" aria-label=\"1 de 9\"><figure class=\"swiper-slide-inner\"><img decoding=\"async\" class=\"swiper-slide-image\" src=\"https:\/\/fundacionaturaparc.com\/wp-content\/uploads\/2026\/03\/SILVI_06-768x432.webp\" alt=\"SILVI_06\" \/><\/figure><\/div><div class=\"swiper-slide\" role=\"group\" aria-roledescription=\"slide\" aria-label=\"2 de 9\"><figure class=\"swiper-slide-inner\"><img decoding=\"async\" class=\"swiper-slide-image\" src=\"https:\/\/fundacionaturaparc.com\/wp-content\/uploads\/2026\/03\/SILVI_07-768x432.webp\" alt=\"SILVI_07\" \/><\/figure><\/div><div class=\"swiper-slide\" role=\"group\" aria-roledescription=\"slide\" aria-label=\"3 de 9\"><figure class=\"swiper-slide-inner\"><img decoding=\"async\" class=\"swiper-slide-image\" src=\"https:\/\/fundacionaturaparc.com\/wp-content\/uploads\/2026\/03\/SILVI_08-768x432.webp\" alt=\"SILVI_08\" \/><\/figure><\/div><div class=\"swiper-slide\" role=\"group\" aria-roledescription=\"slide\" aria-label=\"4 de 9\"><figure class=\"swiper-slide-inner\"><img decoding=\"async\" class=\"swiper-slide-image\" src=\"https:\/\/fundacionaturaparc.com\/wp-content\/uploads\/2026\/03\/SILVI_05-768x432.webp\" alt=\"SILVI_05\" \/><\/figure><\/div><div class=\"swiper-slide\" role=\"group\" aria-roledescription=\"slide\" aria-label=\"5 de 9\"><figure class=\"swiper-slide-inner\"><img decoding=\"async\" class=\"swiper-slide-image\" src=\"https:\/\/fundacionaturaparc.com\/wp-content\/uploads\/2026\/03\/SILVI_09-768x432.webp\" alt=\"SILVI_09\" \/><\/figure><\/div><div class=\"swiper-slide\" role=\"group\" aria-roledescription=\"slide\" aria-label=\"6 de 9\"><figure class=\"swiper-slide-inner\"><img decoding=\"async\" class=\"swiper-slide-image\" src=\"https:\/\/fundacionaturaparc.com\/wp-content\/uploads\/2026\/03\/SILVI_01-768x432.webp\" alt=\"SILVI_01\" \/><\/figure><\/div><div class=\"swiper-slide\" role=\"group\" aria-roledescription=\"slide\" aria-label=\"7 de 9\"><figure class=\"swiper-slide-inner\"><img decoding=\"async\" class=\"swiper-slide-image\" src=\"https:\/\/fundacionaturaparc.com\/wp-content\/uploads\/2026\/03\/SILVI_02-768x432.webp\" alt=\"SILVI_02\" \/><\/figure><\/div><div class=\"swiper-slide\" role=\"group\" aria-roledescription=\"slide\" aria-label=\"8 de 9\"><figure class=\"swiper-slide-inner\"><img decoding=\"async\" class=\"swiper-slide-image\" src=\"https:\/\/fundacionaturaparc.com\/wp-content\/uploads\/2026\/03\/SILVI_03-768x432.webp\" alt=\"SILVI_03\" \/><\/figure><\/div><div class=\"swiper-slide\" role=\"group\" aria-roledescription=\"slide\" aria-label=\"9 de 9\"><figure class=\"swiper-slide-inner\"><img decoding=\"async\" class=\"swiper-slide-image\" src=\"https:\/\/fundacionaturaparc.com\/wp-content\/uploads\/2026\/03\/SILVI_04-768x432.webp\" alt=\"SILVI_04\" \/><\/figure><\/div>\t\t\t<\/div>\n\t\t\t\t\t\t\t\n\t\t\t\t\t\t\t\t\t<\/div>\n\t\t\t\t\t\t<\/div>\n\t\t\t\t<\/div>\n\t\t<div class=\"elementor-element elementor-element-d3fa8d7 e-con-full e-flex e-con e-parent\" data-id=\"d3fa8d7\" data-element_type=\"container\" data-e-type=\"container\">\n\t\t<div class=\"elementor-element elementor-element-f13d456 e-flex e-con-boxed e-con e-child\" data-id=\"f13d456\" data-element_type=\"container\" data-e-type=\"container\" data-settings=\"{&quot;background_background&quot;:&quot;classic&quot;}\">\n\t\t\t\t\t<div class=\"e-con-inner\">\n\t\t<div class=\"elementor-element elementor-element-0887a42 e-con-full e-flex e-con e-child\" data-id=\"0887a42\" data-element_type=\"container\" data-e-type=\"container\">\n\t\t<div class=\"elementor-element elementor-element-3ae6ee8 e-con-full e-flex e-con e-child\" data-id=\"3ae6ee8\" data-element_type=\"container\" data-e-type=\"container\">\n\t\t\t\t<div class=\"elementor-element elementor-element-6e5673b elementor-widget elementor-widget-image\" data-id=\"6e5673b\" data-element_type=\"widget\" data-e-type=\"widget\" data-widget_type=\"image.default\">\n\t\t\t\t\t\t\t\t\t\t\t\t\t\t\t<img fetchpriority=\"high\" decoding=\"async\" width=\"640\" height=\"640\" src=\"https:\/\/fundacionaturaparc.com\/wp-content\/uploads\/2026\/03\/departamentos_0006_SILVICULTURA.png\" class=\"attachment-large size-large wp-image-3587\" alt=\"\" srcset=\"https:\/\/fundacionaturaparc.com\/wp-content\/uploads\/2026\/03\/departamentos_0006_SILVICULTURA.png 1000w, https:\/\/fundacionaturaparc.com\/wp-content\/uploads\/2026\/03\/departamentos_0006_SILVICULTURA-300x300.png 300w, https:\/\/fundacionaturaparc.com\/wp-content\/uploads\/2026\/03\/departamentos_0006_SILVICULTURA-150x150.png 150w, https:\/\/fundacionaturaparc.com\/wp-content\/uploads\/2026\/03\/departamentos_0006_SILVICULTURA-768x768.png 768w, https:\/\/fundacionaturaparc.com\/wp-content\/uploads\/2026\/03\/departamentos_0006_SILVICULTURA-100x100.png 100w\" sizes=\"(max-width: 640px) 100vw, 640px\" \/>\t\t\t\t\t\t\t\t\t\t\t\t\t\t\t<\/div>\n\t\t<div class=\"elementor-element elementor-element-0763570 e-con-full e-flex e-con e-child\" data-id=\"0763570\" data-element_type=\"container\" data-e-type=\"container\">\n\t\t\t\t<div class=\"elementor-element elementor-element-cf25b7c elementor-widget elementor-widget-heading\" data-id=\"cf25b7c\" data-element_type=\"widget\" data-e-type=\"widget\" data-widget_type=\"heading.default\">\n\t\t\t\t\t<h2 class=\"elementor-heading-title elementor-size-default\">El m\u00e8tode d'impacte zero:<\/h2>\t\t\t\t<\/div>\n\t\t\t\t<div class=\"elementor-element elementor-element-c196a19 elementor-widget-mobile__width-inherit elementor-widget elementor-widget-text-editor\" data-id=\"c196a19\" data-element_type=\"widget\" data-e-type=\"widget\" data-widget_type=\"text-editor.default\">\n\t\t\t\t\t\t\t\t\t<p data-path-to-node=\"17\">La nostra metodologia no es mesura nom\u00e9s en hect\u00e0rees netes, sin\u00f3 en empremta ecol\u00f2gica evitada:<\/p><ul data-path-to-node=\"18\"><li><p data-path-to-node=\"18,0,0\"><b data-path-to-node=\"18,0,0\" data-index-in-node=\"0\">Pasturatge Controlat:<\/b> \u00c9s l&#8217;eina m\u00e9s efica\u00e7 contra l&#8217;exc\u00e9s de combustible forestal (malesa).<\/p><\/li><li><p data-path-to-node=\"18,1,0\"><b data-path-to-node=\"18,1,0\" data-index-in-node=\"0\">Treball Interdepartamental:<\/b> Col\u00b7laborem amb el COFIB i el CEPAD perqu\u00e8 cada acci\u00f3 forestal benefici\u00ef tamb\u00e9 la fauna silvestre.<\/p><\/li><li><p data-path-to-node=\"18,2,0\"><b data-path-to-node=\"18,2,0\" data-index-in-node=\"0\">Comprom\u00eds Balear:<\/b> Cada projecte \u00e9s una inversi\u00f3 en la seguretat i el futur verd de les nostres illes.<\/p><\/li><\/ul>\t\t\t\t\t\t\t\t<\/div>\n\t\t\t\t<\/div>\n\t\t\t\t<\/div>\n\t\t<div class=\"elementor-element elementor-element-9ac85ef e-con-full e-flex e-con e-child\" data-id=\"9ac85ef\" data-element_type=\"container\" data-e-type=\"container\" data-settings=\"{&quot;background_background&quot;:&quot;classic&quot;}\">\n\t\t\t\t<div class=\"elementor-element elementor-element-d322098 elementor-widget elementor-widget-heading\" data-id=\"d322098\" data-element_type=\"widget\" data-e-type=\"widget\" data-widget_type=\"heading.default\">\n\t\t\t\t\t<h2 class=\"elementor-heading-title elementor-size-default\">Gesti\u00f3 viva del territori:<\/h2>\t\t\t\t<\/div>\n\t\t\t\t<div class=\"elementor-element elementor-element-0a3291a elementor-widget elementor-widget-text-editor\" data-id=\"0a3291a\" data-element_type=\"widget\" data-e-type=\"widget\" data-widget_type=\"text-editor.default\">\n\t\t\t\t\t\t\t\t\t<p data-path-to-node=\"21\">La nostra prioritat \u00e9s la salut de les Balears. Actuem directament sobre el terreny amb tres pilars:<\/p><ul data-path-to-node=\"22\"><li><p data-path-to-node=\"22,0,0\"><b data-path-to-node=\"22,0,0\" data-index-in-node=\"0\">Prevenci\u00f3 Natural:<\/b> Creem franges contra incendis i mantenim torrents sense maquin\u00e0ria pesant, protegint els microh\u00e0bitats m\u00e9s fr\u00e0gils.<\/p><\/li><li><p data-path-to-node=\"22,1,0\"><b data-path-to-node=\"22,1,0\" data-index-in-node=\"0\">Guardians del Paisatge:<\/b> Assegurem que l&#8217;entorn forestal mantingui el seu equilibri biol\u00f2gic i la seva bellesa natural, vital per a la nostra identitat i el turisme.<\/p><\/li><li><p data-path-to-node=\"22,2,0\"><b data-path-to-node=\"22,2,0\" data-index-in-node=\"0\">Recuperaci\u00f3 d&#8217;Oficis:<\/b> Retornem al pastor el seu paper essencial com a gestor del territori, rescatant una figura clau en la prevenci\u00f3 de desastres ambientals.<\/p><\/li><\/ul>\t\t\t\t\t\t\t\t<\/div>\n\t\t\t\t<\/div>\n\t\t<div class=\"elementor-element elementor-element-4927ee2 e-con-full e-flex e-con e-child\" data-id=\"4927ee2\" data-element_type=\"container\" data-e-type=\"container\" data-settings=\"{&quot;background_background&quot;:&quot;classic&quot;}\">\n\t\t\t\t<div class=\"elementor-element elementor-element-0b91c99 elementor-widget elementor-widget-heading\" data-id=\"0b91c99\" data-element_type=\"widget\" data-e-type=\"widget\" data-widget_type=\"heading.default\">\n\t\t\t\t\t<h2 class=\"elementor-heading-title elementor-size-default\">Rescat i dignitat animal:<\/h2>\t\t\t\t<\/div>\n\t\t\t\t<div class=\"elementor-element elementor-element-87398a9 elementor-widget elementor-widget-text-editor\" data-id=\"87398a9\" data-element_type=\"widget\" data-e-type=\"widget\" data-widget_type=\"text-editor.default\">\n\t\t\t\t\t\t\t\t\t<p data-path-to-node=\"25\">El que ens fa \u00fanics \u00e9s qui ens ajuda en la feina. En el nostre equip, els animals s\u00f3n els protagonistes:<\/p><ul data-path-to-node=\"26\"><li><p data-path-to-node=\"26,0,0\"><b data-path-to-node=\"26,0,0\" data-index-in-node=\"0\">Segones Oportunitats:<\/b> Recuperem equins abandonats, integrant-los en programes de treball forestal on se senten \u00fatils i cuidats.<\/p><\/li><li><p data-path-to-node=\"26,1,0\"><b data-path-to-node=\"26,1,0\" data-index-in-node=\"0\">Patrimoni Gen\u00e8tic:<\/b> Som baluards de la <b data-path-to-node=\"26,1,0\" data-index-in-node=\"38\">Ra\u00e7a Aut\u00f2ctona del Burro Mallorqu\u00ed<\/b>, donant-los un prop\u00f2sit de continu\u00eftat que evita la seva desaparici\u00f3.<\/p><\/li><li><p data-path-to-node=\"26,2,0\"><b data-path-to-node=\"26,2,0\" data-index-in-node=\"0\">Sinergia Hum\u00e0-Animal:<\/b> Un equip de m\u00e9s de 80 professionals (veterinaris, enginyers i pastors) vetlla pel benestar dels nostres col\u00b7laboradors de quatre potes.<\/p><\/li><\/ul>\t\t\t\t\t\t\t\t<\/div>\n\t\t\t\t<\/div>\n\t\t\t\t<\/div>\n\t\t\t\t\t<\/div>\n\t\t\t\t<\/div>\n\t\t\t\t<\/div>\n\t\t<div class=\"elementor-element elementor-element-d4cb2c5 e-flex e-con-boxed e-con e-parent\" data-id=\"d4cb2c5\" data-element_type=\"container\" data-e-type=\"container\">\n\t\t\t\t\t<div class=\"e-con-inner\">\n\t\t<div class=\"elementor-element elementor-element-d0aac3a e-con-full e-flex e-con e-child\" data-id=\"d0aac3a\" data-element_type=\"container\" data-e-type=\"container\">\n\t\t\t\t<div class=\"elementor-element elementor-element-4dd6919 elementor-widget elementor-widget-heading\" data-id=\"4dd6919\" data-element_type=\"widget\" data-e-type=\"widget\" data-widget_type=\"heading.default\">\n\t\t\t\t\t<h2 class=\"elementor-heading-title elementor-size-default\">Necessites contactar amb la Fundaci\u00f3?<\/h2>\t\t\t\t<\/div>\n\t\t\t\t<div class=\"elementor-element elementor-element-88c820d elementor-widget elementor-widget-heading\" data-id=\"88c820d\" data-element_type=\"widget\" data-e-type=\"widget\" data-widget_type=\"heading.default\">\n\t\t\t\t\t<h3 class=\"elementor-heading-title elementor-size-default\">Contacta amb nosaltres<\/h3>\t\t\t\t<\/div>\n\t\t\t\t<div class=\"elementor-element elementor-element-048be69 elementor-widget-mobile__width-inherit elementor-widget elementor-widget-text-editor\" data-id=\"048be69\" data-element_type=\"widget\" data-e-type=\"widget\" data-widget_type=\"text-editor.default\">\n\t\t\t\t\t\t\t\t\t<p data-path-to-node=\"12\">Som a Santa Eug\u00e8nia. Si tens dubtes sobre la nostra tasca de recuperaci\u00f3 animal i mediambiental, necessites informaci\u00f3 sobre el <b data-path-to-node=\"12\" data-index-in-node=\"128\">Centre de Protecci\u00f3 d&#8217;Animals Dom\u00e8stics (CEPAD)<\/b>, el Servei de Control de Fauna o vols saber com col\u00b7laborar amb la Fundaci\u00f3 Natura Parc, escriu-nos i et respondrem el m\u00e9s aviat possible.<\/p>\t\t\t\t\t\t\t\t<\/div>\n\t\t\t\t<div class=\"elementor-element elementor-element-7e49160 elementor-button-align-stretch elementor-widget elementor-widget-form\" data-id=\"7e49160\" data-element_type=\"widget\" data-e-type=\"widget\" data-settings=\"{&quot;step_next_label&quot;:&quot;Next&quot;,&quot;step_previous_label&quot;:&quot;Previous&quot;,&quot;button_width&quot;:&quot;100&quot;,&quot;step_type&quot;:&quot;number_text&quot;,&quot;step_icon_shape&quot;:&quot;circle&quot;}\" data-widget_type=\"form.default\">\n\t\t\t\t\t\t\t<form class=\"elementor-form\" method=\"post\" name=\"New Form\" aria-label=\"New Form\">\n\t\t\t<input type=\"hidden\" name=\"post_id\" value=\"6141\"\/>\n\t\t\t<input type=\"hidden\" name=\"form_id\" value=\"7e49160\"\/>\n\t\t\t<input type=\"hidden\" name=\"referer_title\" value=\"Silvicultura\" \/>\n\n\t\t\t\t\t\t\t<input type=\"hidden\" name=\"queried_id\" value=\"6141\"\/>\n\t\t\t\n\t\t\t<div class=\"elementor-form-fields-wrapper elementor-labels-\">\n\t\t\t\t\t\t\t\t<div class=\"elementor-field-type-text elementor-field-group elementor-column elementor-field-group-name elementor-col-100\">\n\t\t\t\t\t\t\t\t\t\t\t\t<label for=\"form-field-name\" class=\"elementor-field-label elementor-screen-only\">\n\t\t\t\t\t\t\t\tNombre\t\t\t\t\t\t\t<\/label>\n\t\t\t\t\t\t\t\t\t\t\t\t\t\t<input size=\"1\" type=\"text\" name=\"form_fields[name]\" id=\"form-field-name\" class=\"elementor-field elementor-size-md  elementor-field-textual\" placeholder=\"Nom\">\n\t\t\t\t\t\t\t\t\t\t\t<\/div>\n\t\t\t\t\t\t\t\t<div class=\"elementor-field-type-email elementor-field-group elementor-column elementor-field-group-email elementor-col-100 elementor-field-required\">\n\t\t\t\t\t\t\t\t\t\t\t\t<label for=\"form-field-email\" class=\"elementor-field-label elementor-screen-only\">\n\t\t\t\t\t\t\t\tCorreo electr\u00f3nico\t\t\t\t\t\t\t<\/label>\n\t\t\t\t\t\t\t\t\t\t\t\t\t\t<input size=\"1\" type=\"email\" name=\"form_fields[email]\" id=\"form-field-email\" class=\"elementor-field elementor-size-md  elementor-field-textual\" placeholder=\"Correu electr\u00f2nic\" required=\"required\">\n\t\t\t\t\t\t\t\t\t\t\t<\/div>\n\t\t\t\t\t\t\t\t<div class=\"elementor-field-type-textarea elementor-field-group elementor-column elementor-field-group-message elementor-col-100\">\n\t\t\t\t\t\t\t\t\t\t\t\t<label for=\"form-field-message\" class=\"elementor-field-label elementor-screen-only\">\n\t\t\t\t\t\t\t\t\u00bfEn que podemos ayudarte?\t\t\t\t\t\t\t<\/label>\n\t\t\t\t\t\t<textarea class=\"elementor-field-textual elementor-field  elementor-size-md\" name=\"form_fields[message]\" id=\"form-field-message\" rows=\"4\" placeholder=\"En qu\u00e8 et podem ajudar?\"><\/textarea>\t\t\t\t<\/div>\n\t\t\t\t\t\t\t\t<div class=\"elementor-field-group elementor-column elementor-field-type-submit elementor-col-100 e-form__buttons\">\n\t\t\t\t\t<button class=\"elementor-button elementor-size-sm\" type=\"submit\">\n\t\t\t\t\t\t<span class=\"elementor-button-content-wrapper\">\n\t\t\t\t\t\t\t\t\t\t\t\t\t\t\t\t\t\t\t\t\t\t<span class=\"elementor-button-text\">Contactar ara!<\/span>\n\t\t\t\t\t\t\t\t\t\t\t\t\t<\/span>\n\t\t\t\t\t<\/button>\n\t\t\t\t<\/div>\n\t\t\t<\/div>\n\t\t<\/form>\n\t\t\t\t\t\t<\/div>\n\t\t\t\t<\/div>\n\t\t<div class=\"elementor-element elementor-element-53b0c45 e-con-full e-flex e-con e-child\" data-id=\"53b0c45\" data-element_type=\"container\" data-e-type=\"container\" data-settings=\"{&quot;background_background&quot;:&quot;classic&quot;}\">\n\t\t<div class=\"elementor-element elementor-element-5e4910e e-con-full e-flex e-con e-child\" data-id=\"5e4910e\" data-element_type=\"container\" data-e-type=\"container\" data-settings=\"{&quot;background_background&quot;:&quot;video&quot;,&quot;background_video_link&quot;:&quot;https:\\\/\\\/fundacionaturaparc.com\\\/wp-content\\\/uploads\\\/2026\\\/03\\\/VIDEO-FNP-WEB.mp4&quot;}\">\n\t\t<div class=\"elementor-background-video-container elementor-hidden-mobile\">\n\t\t\t\t\t\t\t<video class=\"elementor-background-video-hosted\" role=\"presentation\" autoplay muted playsinline loop><\/video>\n\t\t\t\t\t<\/div>\t\t<\/div>\n\t\t\t\t<div class=\"elementor-element elementor-element-783e98d elementor-widget elementor-widget-heading\" data-id=\"783e98d\" data-element_type=\"widget\" data-e-type=\"widget\" data-widget_type=\"heading.default\">\n\t\t\t\t\t<h2 class=\"elementor-heading-title elementor-size-default\">La teva ajuda salva vides!<\/h2>\t\t\t\t<\/div>\n\t\t\t\t<div class=\"elementor-element elementor-element-44044dc elementor-widget elementor-widget-text-editor\" data-id=\"44044dc\" data-element_type=\"widget\" data-e-type=\"widget\" data-widget_type=\"text-editor.default\">\n\t\t\t\t\t\t\t\t\t<p data-path-to-node=\"17\">Uneix-te a la nostra tasca i ajuda&#8217;ns a garantir el benestar dels animals que m\u00e9s ho necessiten. El teu suport fa possible el nostre treball diari.<\/p>\t\t\t\t\t\t\t\t<\/div>\n\t\t\t\t<div class=\"elementor-element elementor-element-608557e elementor-align-center elementor-mobile-align-center elementor-widget elementor-widget-button\" data-id=\"608557e\" data-element_type=\"widget\" data-e-type=\"widget\" data-widget_type=\"button.default\">\n\t\t\t\t\t\t\t\t\t\t<a class=\"elementor-button elementor-button-link elementor-size-sm\" href=\"https:\/\/fundacionaturaparc.com\/ca\/donaciones\/\">\n\t\t\t\t\t\t<span class=\"elementor-button-content-wrapper\">\n\t\t\t\t\t\t<span class=\"elementor-button-icon\">\n\t\t\t\t<svg aria-hidden=\"true\" class=\"e-font-icon-svg e-fas-heart\" viewBox=\"0 0 512 512\" xmlns=\"http:\/\/www.w3.org\/2000\/svg\"><path d=\"M462.3 62.6C407.5 15.9 326 24.3 275.7 76.2L256 96.5l-19.7-20.3C186.1 24.3 104.5 15.9 49.7 62.6c-62.8 53.6-66.1 149.8-9.9 207.9l193.5 199.8c12.5 12.9 32.8 12.9 45.3 0l193.5-199.8c56.3-58.1 53-154.3-9.8-207.9z\"><\/path><\/svg>\t\t\t<\/span>\n\t\t\t\t\t\t\t\t\t<span class=\"elementor-button-text\">Col\u00b7labora amb la Fundaci\u00f3<\/span>\n\t\t\t\t\t<\/span>\n\t\t\t\t\t<\/a>\n\t\t\t\t\t\t\t\t<\/div>\n\t\t\t\t<\/div>\n\t\t\t\t\t<\/div>\n\t\t\t\t<\/div>\n\t\t\t\t<\/div>\n\t\t","protected":false},"excerpt":{"rendered":"<p>Gesti\u00f3 i Cura dels Boscos SILVICULTURA La nostra Tasca i Comprom\u00eds En el departament de Silvicultura de la Fundaci\u00f3 Natura Parc, unim les antigues tradicions amb les \u00faltimes tecnologies. El nostre comprom\u00eds principal \u00e9s la regeneraci\u00f3 i el manteniment de l&#8217;entorn natural mitjan\u00e7ant m\u00e8todes respectuosos amb l&#8217;ecosistema. Duem a terme la neteja de zones forestals [&hellip;]<\/p>\n","protected":false},"author":1,"featured_media":0,"parent":0,"menu_order":0,"comment_status":"closed","ping_status":"closed","template":"elementor_header_footer","meta":{"_acf_changed":false,"give_campaign_id":0,"footnotes":""},"class_list":["post-6141","page","type-page","status-publish","hentry"],"acf":[],"campaignId":"","_links":{"self":[{"href":"https:\/\/fundacionaturaparc.com\/ca\/wp-json\/wp\/v2\/pages\/6141","targetHints":{"allow":["GET"]}}],"collection":[{"href":"https:\/\/fundacionaturaparc.com\/ca\/wp-json\/wp\/v2\/pages"}],"about":[{"href":"https:\/\/fundacionaturaparc.com\/ca\/wp-json\/wp\/v2\/types\/page"}],"author":[{"embeddable":true,"href":"https:\/\/fundacionaturaparc.com\/ca\/wp-json\/wp\/v2\/users\/1"}],"replies":[{"embeddable":true,"href":"https:\/\/fundacionaturaparc.com\/ca\/wp-json\/wp\/v2\/comments?post=6141"}],"version-history":[{"count":10,"href":"https:\/\/fundacionaturaparc.com\/ca\/wp-json\/wp\/v2\/pages\/6141\/revisions"}],"predecessor-version":[{"id":7200,"href":"https:\/\/fundacionaturaparc.com\/ca\/wp-json\/wp\/v2\/pages\/6141\/revisions\/7200"}],"wp:attachment":[{"href":"https:\/\/fundacionaturaparc.com\/ca\/wp-json\/wp\/v2\/media?parent=6141"}],"curies":[{"name":"wp","href":"https:\/\/api.w.org\/{rel}","templated":true}]}}