{"id":52,"date":"2025-07-09T17:42:22","date_gmt":"2025-07-09T17:42:22","guid":{"rendered":"https:\/\/fundacionaturaparc.com\/?page_id=52"},"modified":"2025-08-29T19:19:27","modified_gmt":"2025-08-29T19:19:27","slug":"politica-de-privacidad","status":"publish","type":"page","link":"https:\/\/fundacionaturaparc.com\/en\/politica-de-privacidad\/","title":{"rendered":"Pol\u00edtica de Privacidad"},"content":{"rendered":"\t\t<div data-elementor-type=\"wp-page\" data-elementor-id=\"52\" class=\"elementor elementor-52\" data-elementor-post-type=\"page\">\n\t\t\t\t<div class=\"elementor-element elementor-element-7d815a5 e-flex e-con-boxed e-con e-parent\" data-id=\"7d815a5\" data-element_type=\"container\" data-e-type=\"container\">\n\t\t\t\t\t<div class=\"e-con-inner\">\n\t\t\t\t<div class=\"elementor-element elementor-element-2c27587 elementor-widget elementor-widget-heading\" data-id=\"2c27587\" data-element_type=\"widget\" data-e-type=\"widget\" data-widget_type=\"heading.default\">\n\t\t\t\t\t<h1 class=\"elementor-heading-title elementor-size-default\">Pol\u00edtica de privacidad<\/h1>\t\t\t\t<\/div>\n\t\t\t\t<div class=\"elementor-element elementor-element-23f79ce elementor-widget elementor-widget-text-editor\" data-id=\"23f79ce\" data-element_type=\"widget\" data-e-type=\"widget\" data-widget_type=\"text-editor.default\">\n\t\t\t\t\t\t\t\t\t<p>RESPONSABLE DEL TRATAMIENTO<br \/>FUNDACI\u00d3N NATURA PARC es responsable de la recogida y tratamiento de los datos de car\u00e1cter personal que se obtengan a trav\u00e9s del sitio web, conforme a la normativa vigente (Reglamento (UE) 2016\/679 \u2013 GDPR y la LOPDGDD).<\/p><p>Finalidades del tratamiento<br \/>Los datos se recogen para:<\/p><p>Atender las consultas, solicitudes o comunicaciones realizadas a trav\u00e9s del sitio.<\/p><p>Gestionar donaciones, colaboraciones y comunicaciones institucionales.<\/p><p>Enviar informaci\u00f3n o boletines si se ha solicitado.<\/p><p>Cumplir con obligaciones legales y fiscales.<\/p><p>Legitimaci\u00f3n<br \/>La base legal para el tratamiento de datos es el consentimiento del interesado y, en su caso, la ejecuci\u00f3n de contratos o cumplimiento de obligaciones legales.<\/p><p>Destinatarios<br \/>Los datos no se ceder\u00e1n a terceros salvo obligaci\u00f3n legal o cuando sea necesario para prestar determinados servicios. En su caso, se garantizar\u00e1 que los destinatarios act\u00faen como encargados del tratamiento y ofrezcan garant\u00edas adecuadas.<\/p><p>Plazos de conservaci\u00f3n<br \/>Los datos se conservar\u00e1n mientras exista una relaci\u00f3n contractual o hasta que el interesado solicite su supresi\u00f3n, siempre que no existan obligaciones legales que impidan su eliminaci\u00f3n.<\/p><p>Derechos de los interesados<br \/>Puede ejercer sus derechos de acceso, rectificaci\u00f3n, supresi\u00f3n, oposici\u00f3n, limitaci\u00f3n del tratamiento y portabilidad mediante correo electr\u00f3nico al responsable (contabilidad@fundacionaturaparc.org<br \/>). El usuario tambi\u00e9n tiene derecho a presentar una reclamaci\u00f3n ante la autoridad de control competente si considera vulnerados sus derechos.<\/p><p>Medidas de seguridad<br \/>La Fundaci\u00f3n ha implantado medidas t\u00e9cnicas y organizativas adecuadas para garantizar la seguridad e integridad de los datos y evitar su alteraci\u00f3n, p\u00e9rdida o acceso no autorizado.<\/p><p><\/p><p><\/p><p><\/p>\t\t\t\t\t\t\t\t<\/div>\n\t\t\t\t\t<\/div>\n\t\t\t\t<\/div>\n\t\t\t\t<\/div>\n\t\t","protected":false},"excerpt":{"rendered":"<p>Pol\u00edtica de privacidad RESPONSABLE DEL TRATAMIENTOFUNDACI\u00d3N NATURA PARC es responsable de la recogida y tratamiento de los datos de car\u00e1cter personal que se obtengan a trav\u00e9s del sitio web, conforme a la normativa vigente (Reglamento (UE) 2016\/679 \u2013 GDPR y la LOPDGDD). Finalidades del tratamientoLos datos se recogen para: Atender las consultas, solicitudes o comunicaciones [&hellip;]<\/p>\n","protected":false},"author":1,"featured_media":0,"parent":0,"menu_order":0,"comment_status":"closed","ping_status":"closed","template":"elementor_header_footer","meta":{"_acf_changed":false,"give_campaign_id":0,"footnotes":""},"class_list":["post-52","page","type-page","status-publish","hentry"],"acf":[],"campaignId":"","_links":{"self":[{"href":"https:\/\/fundacionaturaparc.com\/en\/wp-json\/wp\/v2\/pages\/52","targetHints":{"allow":["GET"]}}],"collection":[{"href":"https:\/\/fundacionaturaparc.com\/en\/wp-json\/wp\/v2\/pages"}],"about":[{"href":"https:\/\/fundacionaturaparc.com\/en\/wp-json\/wp\/v2\/types\/page"}],"author":[{"embeddable":true,"href":"https:\/\/fundacionaturaparc.com\/en\/wp-json\/wp\/v2\/users\/1"}],"replies":[{"embeddable":true,"href":"https:\/\/fundacionaturaparc.com\/en\/wp-json\/wp\/v2\/comments?post=52"}],"version-history":[{"count":7,"href":"https:\/\/fundacionaturaparc.com\/en\/wp-json\/wp\/v2\/pages\/52\/revisions"}],"predecessor-version":[{"id":3155,"href":"https:\/\/fundacionaturaparc.com\/en\/wp-json\/wp\/v2\/pages\/52\/revisions\/3155"}],"wp:attachment":[{"href":"https:\/\/fundacionaturaparc.com\/en\/wp-json\/wp\/v2\/media?parent=52"}],"curies":[{"name":"wp","href":"https:\/\/api.w.org\/{rel}","templated":true}]}}